{"id":10,"date":"2024-09-08T18:38:17","date_gmt":"2024-09-08T18:38:17","guid":{"rendered":"https:\/\/jaak-kosova.org\/home\/"},"modified":"2024-09-08T20:09:36","modified_gmt":"2024-09-08T20:09:36","slug":"","status":"publish","type":"page","link":"https:\/\/jaak-kosova.org\/sq\/","title":{"rendered":"","raw":""},"content":{"rendered":"","protected":false,"raw":""},"excerpt":{"rendered":"","protected":false,"raw":""},"author":1,"featured_media":0,"parent":0,"menu_order":0,"comment_status":"closed","ping_status":"closed","template":"","meta":{"_coblocks_attr":"","_coblocks_dimensions":"","_coblocks_responsive_height":"","_coblocks_accordion_ie_support":"","_de_post_content":"<!-- wp:image {\"id\":29,\"width\":\"469px\",\"height\":\"auto\",\"sizeSlug\":\"full\",\"linkDestination\":\"none\",\"align\":\"center\"} -->\n<figure class=\"wp-block-image aligncenter size-full is-resized\"><img src=\"https:\/\/jaak-kosova.org\/wp-content\/uploads\/2024\/09\/Jaak-Logo3small.jpg\" alt=\"\" class=\"wp-image-29\" style=\"width:469px;height:auto\"\/><\/figure>\n<!-- \/wp:image -->\n\n<!-- wp:image {\"id\":4,\"sizeSlug\":\"full\",\"align\":\"full\"} -->\n<figure class=\"wp-block-image alignfull size-full\"><img src=\"https:\/\/jaak-kosova.org\/wp-content\/uploads\/2024\/09\/image-1.jpg\" alt=\"Bildbeschreibung\" class=\"wp-image-4\"\/><\/figure>\n<!-- \/wp:image -->\n\n<!-- wp:heading {\"textAlign\":\"center\"} -->\n<h2 class=\"wp-block-heading has-text-align-center\">Entdecken Sie Yosemite: tiefe T\u00e4ler, beeindruckende Wasserf\u00e4lle, Mammutb\u00e4ume und vieles mehr<\/h2>\n<!-- \/wp:heading -->\n\n<!-- wp:columns {\"align\":\"wide\"} -->\n<div class=\"wp-block-columns alignwide\"><!-- wp:column -->\n<div class=\"wp-block-column\"><!-- wp:image {\"id\":5} -->\n<figure class=\"wp-block-image\"><img src=\"https:\/\/jaak-kosova.org\/wp-content\/uploads\/2024\/09\/image-2.jpg\" alt=\"Bildbeschreibung\" class=\"wp-image-5\"\/><\/figure>\n<!-- \/wp:image -->\n\n<!-- wp:heading {\"level\":3,\"placeholder\":\"Titel schreiben\u2026\"} -->\n<h3 class=\"wp-block-heading\">Planung<\/h3>\n<!-- \/wp:heading -->\n\n<!-- wp:paragraph {\"placeholder\":\"Beschreibung verfassen\u2026\"} -->\n<p>Es gibt in Yosemite so viel zu erleben: Was werden Sie tun? Finden Sie heraus, welche tollen Abenteuer Sie und Ihre Familie erleben k\u00f6nnen.<\/p>\n<!-- \/wp:paragraph --><\/div>\n<!-- \/wp:column -->\n\n<!-- wp:column -->\n<div class=\"wp-block-column\"><!-- wp:image {\"id\":6} -->\n<figure class=\"wp-block-image\"><img src=\"https:\/\/jaak-kosova.org\/wp-content\/uploads\/2024\/09\/image-3.jpg\" alt=\"Bildbeschreibung\" class=\"wp-image-6\"\/><\/figure>\n<!-- \/wp:image -->\n\n<!-- wp:heading {\"level\":3,\"placeholder\":\"Titel schreiben\u2026\"} -->\n<h3 class=\"wp-block-heading\">Camping<\/h3>\n<!-- \/wp:heading -->\n\n<!-- wp:paragraph -->\n<p>In Yosemite ist das Campen unter den Sternen sehr beliebt. Planen Sie im Voraus und finden Sie heraus, welche M\u00f6glichkeiten sich ihnen f\u00fcr dieses begeisternde Erlebnis bieten.<\/p>\n<!-- \/wp:paragraph --><\/div>\n<!-- \/wp:column -->\n\n<!-- wp:column -->\n<div class=\"wp-block-column\"><!-- wp:image {\"id\":7} -->\n<figure class=\"wp-block-image\"><img src=\"https:\/\/jaak-kosova.org\/wp-content\/uploads\/2024\/09\/image-4.jpg\" alt=\"Bildbeschreibung\" class=\"wp-image-7\"\/><\/figure>\n<!-- \/wp:image -->\n\n<!-- wp:heading {\"level\":3,\"placeholder\":\"Titel schreiben\u2026\"} -->\n<h3 class=\"wp-block-heading\">Touren<\/h3>\n<!-- \/wp:heading -->\n\n<!-- wp:paragraph {\"placeholder\":\"Beschreibung verfassen\u2026\"} -->\n<p>Wie m\u00f6chten Sie die Pracht von Yosemite erleben? Auf dem Gel\u00e4nde befindet sich ein Tourveranstalter, der auch f\u00fcr Sie genau das Richtige findet.<\/p>\n<!-- \/wp:paragraph --><\/div>\n<!-- \/wp:column --><\/div>\n<!-- \/wp:columns -->\n\n<!-- wp:image {\"id\":29,\"width\":\"504px\",\"sizeSlug\":\"full\",\"linkDestination\":\"none\",\"align\":\"center\"} -->\n<figure class=\"wp-block-image aligncenter size-full is-resized\"><img src=\"https:\/\/jaak-kosova.org\/wp-content\/uploads\/2024\/09\/Jaak-Logo3small.jpg\" alt=\"\" class=\"wp-image-29\" style=\"width:504px\"\/><\/figure>\n<!-- \/wp:image -->\n\n<!-- wp:cover {\"url\":\"https:\/\/jaak-kosova.org\/wp-content\/uploads\/2024\/09\/image-5.jpg\",\"id\":8,\"alt\":\"Bildbeschreibung\",\"dimRatio\":0,\"overlayColor\":\"primary\",\"isUserOverlayColor\":true,\"minHeight\":500,\"isDark\":false,\"align\":\"full\"} -->\n<div class=\"wp-block-cover alignfull is-light\" style=\"min-height:500px\"><span aria-hidden=\"true\" class=\"wp-block-cover__background has-primary-background-color has-background-dim-0 has-background-dim\"><\/span><img class=\"wp-block-cover__image-background wp-image-8\" alt=\"Bildbeschreibung\" src=\"https:\/\/jaak-kosova.org\/wp-content\/uploads\/2024\/09\/image-5.jpg\" data-object-fit=\"cover\"\/><div class=\"wp-block-cover__inner-container\"><!-- wp:heading {\"className\":\"has-text-align-center\",\"textColor\":\"quaternary\"} -->\n<h2 class=\"wp-block-heading has-text-align-center has-quaternary-color has-text-color\">Verpassen Sie nicht das Abenteuer Ihres Lebens in Yosemite<\/h2>\n<!-- \/wp:heading -->\n\n<!-- wp:buttons {\"layout\":{\"type\":\"flex\",\"justifyContent\":\"center\"}} -->\n<div class=\"wp-block-buttons\"><!-- wp:button {\"className\":\"aligncenter\"} -->\n<div class=\"wp-block-button aligncenter\"><a class=\"wp-block-button__link wp-element-button\" href=\"https:\/\/jaak-kosova.org\/contact\/\">Kontaktiere uns<\/a><\/div>\n<!-- \/wp:button --><\/div>\n<!-- \/wp:buttons --><\/div><\/div>\n<!-- \/wp:cover -->","_de_post_name":"home","_de_post_excerpt":"","_de_post_title":"Welcome","_en_post_content":"","_en_post_name":"","_en_post_excerpt":"","_en_post_title":"","_sq_post_content":"","_sq_post_name":"","_sq_post_excerpt":"","_sq_post_title":"","edit_language":"sq","hide_page_title":"","footnotes":""},"class_list":["post-10","page","type-page","status-publish","hentry"],"yoast_head":"<!-- This site is optimized with the Yoast SEO plugin v27.4 - https:\/\/yoast.com\/product\/yoast-seo-wordpress\/ -->\n<title>Welcome - JAAK Kosova<\/title>\n<meta name=\"robots\" content=\"index, follow, max-snippet:-1, max-image-preview:large, max-video-preview:-1\" \/>\n<link rel=\"canonical\" href=\"https:\/\/jaak-kosova.org\/\" \/>\n<meta property=\"og:locale\" content=\"sq_AL\" \/>\n<meta property=\"og:type\" content=\"article\" \/>\n<meta property=\"og:title\" content=\"Welcome - JAAK Kosova\" \/>\n<meta property=\"og:description\" content=\"Entdecken Sie Yosemite: tiefe T\u00e4ler, beeindruckende Wasserf\u00e4lle, Mammutb\u00e4ume und vieles mehr Planung Es gibt in Yosemite so viel zu erleben: Was werden Sie tun? Finden Sie heraus, welche tollen Abenteuer Sie und Ihre Familie erleben k\u00f6nnen. Camping In Yosemite ist das Campen unter den Sternen sehr beliebt. Planen Sie im Voraus und finden Sie heraus, [&hellip;]\" \/>\n<meta property=\"og:url\" content=\"https:\/\/jaak-kosova.org\/\" \/>\n<meta property=\"og:site_name\" content=\"JAAK Kosova\" \/>\n<meta property=\"article:modified_time\" content=\"2024-09-08T20:09:36+00:00\" \/>\n<meta property=\"og:image\" content=\"https:\/\/jaak-kosova.org\/wp-content\/uploads\/2024\/09\/Jaak-Logo3small.jpg\" \/>\n<meta name=\"twitter:card\" content=\"summary_large_image\" \/>\n<meta name=\"twitter:label1\" content=\"Est. reading time\" \/>\n\t<meta name=\"twitter:data1\" content=\"2 minutes\" \/>\n<script type=\"application\/ld+json\" class=\"yoast-schema-graph\">{\"@context\":\"https:\\\/\\\/schema.org\",\"@graph\":[{\"@type\":\"WebPage\",\"@id\":\"https:\\\/\\\/jaak-kosova.org\\\/\",\"url\":\"https:\\\/\\\/jaak-kosova.org\\\/\",\"name\":\"Welcome - JAAK Kosova\",\"isPartOf\":{\"@id\":\"https:\\\/\\\/jaak-kosova.org\\\/#website\"},\"primaryImageOfPage\":{\"@id\":\"https:\\\/\\\/jaak-kosova.org\\\/#primaryimage\"},\"image\":{\"@id\":\"https:\\\/\\\/jaak-kosova.org\\\/#primaryimage\"},\"thumbnailUrl\":\"https:\\\/\\\/jaak-kosova.org\\\/wp-content\\\/uploads\\\/2024\\\/09\\\/Jaak-Logo3small.jpg\",\"datePublished\":\"2024-09-08T18:38:17+00:00\",\"dateModified\":\"2024-09-08T20:09:36+00:00\",\"breadcrumb\":{\"@id\":\"https:\\\/\\\/jaak-kosova.org\\\/#breadcrumb\"},\"inLanguage\":\"sq\",\"potentialAction\":[{\"@type\":\"ReadAction\",\"target\":[\"https:\\\/\\\/jaak-kosova.org\\\/\"]}]},{\"@type\":\"ImageObject\",\"inLanguage\":\"sq\",\"@id\":\"https:\\\/\\\/jaak-kosova.org\\\/#primaryimage\",\"url\":\"https:\\\/\\\/jaak-kosova.org\\\/wp-content\\\/uploads\\\/2024\\\/09\\\/Jaak-Logo3small.jpg\",\"contentUrl\":\"https:\\\/\\\/jaak-kosova.org\\\/wp-content\\\/uploads\\\/2024\\\/09\\\/Jaak-Logo3small.jpg\"},{\"@type\":\"BreadcrumbList\",\"@id\":\"https:\\\/\\\/jaak-kosova.org\\\/#breadcrumb\",\"itemListElement\":[{\"@type\":\"ListItem\",\"position\":1,\"name\":\"Home\",\"item\":\"https:\\\/\\\/jaak-kosova.org\\\/\"},{\"@type\":\"ListItem\",\"position\":2,\"name\":\"Welcome\"}]},{\"@type\":\"WebSite\",\"@id\":\"https:\\\/\\\/jaak-kosova.org\\\/#website\",\"url\":\"https:\\\/\\\/jaak-kosova.org\\\/\",\"name\":\"JAAK Kosova\",\"description\":\"\",\"potentialAction\":[{\"@type\":\"SearchAction\",\"target\":{\"@type\":\"EntryPoint\",\"urlTemplate\":\"https:\\\/\\\/jaak-kosova.org\\\/?s={search_term_string}\"},\"query-input\":{\"@type\":\"PropertyValueSpecification\",\"valueRequired\":true,\"valueName\":\"search_term_string\"}}],\"inLanguage\":\"sq\"}]}<\/script>\n<!-- \/ Yoast SEO plugin. -->","yoast_head_json":{"title":"Welcome - JAAK Kosova","robots":{"index":"index","follow":"follow","max-snippet":"max-snippet:-1","max-image-preview":"max-image-preview:large","max-video-preview":"max-video-preview:-1"},"canonical":"https:\/\/jaak-kosova.org\/","og_locale":"sq_AL","og_type":"article","og_title":"Welcome - JAAK Kosova","og_description":"Entdecken Sie Yosemite: tiefe T\u00e4ler, beeindruckende Wasserf\u00e4lle, Mammutb\u00e4ume und vieles mehr Planung Es gibt in Yosemite so viel zu erleben: Was werden Sie tun? Finden Sie heraus, welche tollen Abenteuer Sie und Ihre Familie erleben k\u00f6nnen. Camping In Yosemite ist das Campen unter den Sternen sehr beliebt. Planen Sie im Voraus und finden Sie heraus, [&hellip;]","og_url":"https:\/\/jaak-kosova.org\/","og_site_name":"JAAK Kosova","article_modified_time":"2024-09-08T20:09:36+00:00","og_image":[{"url":"https:\/\/jaak-kosova.org\/wp-content\/uploads\/2024\/09\/Jaak-Logo3small.jpg","type":"","width":"","height":""}],"twitter_card":"summary_large_image","twitter_misc":{"Est. reading time":"2 minutes"},"schema":{"@context":"https:\/\/schema.org","@graph":[{"@type":"WebPage","@id":"https:\/\/jaak-kosova.org\/","url":"https:\/\/jaak-kosova.org\/","name":"Welcome - JAAK Kosova","isPartOf":{"@id":"https:\/\/jaak-kosova.org\/#website"},"primaryImageOfPage":{"@id":"https:\/\/jaak-kosova.org\/#primaryimage"},"image":{"@id":"https:\/\/jaak-kosova.org\/#primaryimage"},"thumbnailUrl":"https:\/\/jaak-kosova.org\/wp-content\/uploads\/2024\/09\/Jaak-Logo3small.jpg","datePublished":"2024-09-08T18:38:17+00:00","dateModified":"2024-09-08T20:09:36+00:00","breadcrumb":{"@id":"https:\/\/jaak-kosova.org\/#breadcrumb"},"inLanguage":"sq","potentialAction":[{"@type":"ReadAction","target":["https:\/\/jaak-kosova.org\/"]}]},{"@type":"ImageObject","inLanguage":"sq","@id":"https:\/\/jaak-kosova.org\/#primaryimage","url":"https:\/\/jaak-kosova.org\/wp-content\/uploads\/2024\/09\/Jaak-Logo3small.jpg","contentUrl":"https:\/\/jaak-kosova.org\/wp-content\/uploads\/2024\/09\/Jaak-Logo3small.jpg"},{"@type":"BreadcrumbList","@id":"https:\/\/jaak-kosova.org\/#breadcrumb","itemListElement":[{"@type":"ListItem","position":1,"name":"Home","item":"https:\/\/jaak-kosova.org\/"},{"@type":"ListItem","position":2,"name":"Welcome"}]},{"@type":"WebSite","@id":"https:\/\/jaak-kosova.org\/#website","url":"https:\/\/jaak-kosova.org\/","name":"JAAK Kosova","description":"","potentialAction":[{"@type":"SearchAction","target":{"@type":"EntryPoint","urlTemplate":"https:\/\/jaak-kosova.org\/?s={search_term_string}"},"query-input":{"@type":"PropertyValueSpecification","valueRequired":true,"valueName":"search_term_string"}}],"inLanguage":"sq"}]}},"_links":{"self":[{"href":"https:\/\/jaak-kosova.org\/sq\/wp-json\/wp\/v2\/pages\/10","targetHints":{"allow":["GET"]}}],"collection":[{"href":"https:\/\/jaak-kosova.org\/sq\/wp-json\/wp\/v2\/pages"}],"about":[{"href":"https:\/\/jaak-kosova.org\/sq\/wp-json\/wp\/v2\/types\/page"}],"author":[{"embeddable":true,"href":"https:\/\/jaak-kosova.org\/sq\/wp-json\/wp\/v2\/users\/1"}],"replies":[{"embeddable":true,"href":"https:\/\/jaak-kosova.org\/sq\/wp-json\/wp\/v2\/comments?post=10"}],"version-history":[{"count":4,"href":"https:\/\/jaak-kosova.org\/sq\/wp-json\/wp\/v2\/pages\/10\/revisions"}],"predecessor-version":[{"id":30,"href":"https:\/\/jaak-kosova.org\/sq\/wp-json\/wp\/v2\/pages\/10\/revisions\/30"}],"wp:attachment":[{"href":"https:\/\/jaak-kosova.org\/sq\/wp-json\/wp\/v2\/media?parent=10"}],"curies":[{"name":"wp","href":"https:\/\/api.w.org\/{rel}","templated":true}]}}